{"id":39,"date":"2021-03-31T22:48:59","date_gmt":"2021-03-31T20:48:59","guid":{"rendered":"http:\/\/www.biobarnom.ch\/?page_id=39"},"modified":"2021-04-26T16:42:56","modified_gmt":"2021-04-26T14:42:56","slug":"azienda","status":"publish","type":"page","link":"http:\/\/www.biobarnom.ch\/?page_id=39","title":{"rendered":"Azienda agricola"},"content":{"rendered":"\n<p>Grazie al raggruppamento dei terreni, effettuato nel 1951, Alfonso Toscano ha potuto costruire la casa colonica come pure la stalla iniziando cos\u00ee la propria attivit\u00e0 gestendo l\u2019azienda agricola. Nel 1991 Alfonso Toscano lascia le redini dell\u2019azienda al figlio Alberto che tutt\u2019ora gestisce la stessa con l\u2019aiuto di un ausiliario agricoltore. All\u2019inizio l\u2019azienda era composta da qualche mucca, vitelli, conigli e galline. Con il passare degli anni l\u2019attivit\u00e0 si \u00e8 ingrandita e si \u00e8 provveduto ad ampliare anche le infrastrutture costrunedo una nuova stalla.<\/p>\n\n\n\n<p><\/p>\n\n\n\n<p><\/p>\n\n\n\n<p><\/p>\n\n\n\n<p><\/p>\n\n\n\n<p><\/p>\n","protected":false},"excerpt":{"rendered":"<p>Grazie al raggruppamento dei terreni, effettuato nel 1951, Alfonso Toscano ha potuto costruire la casa colonica come pure la stalla iniziando cos\u00ee la propria attivit\u00e0 gestendo l\u2019azienda agricola. Nel 1991 Alfonso Toscano lascia le redini dell\u2019azienda al figlio Alberto che tutt\u2019ora gestisce la stessa con l\u2019aiuto di un ausiliario agricoltore. [&hellip;]<\/p>\n","protected":false},"author":1,"featured_media":28,"parent":0,"menu_order":0,"comment_status":"closed","ping_status":"closed","template":"","meta":{"spay_email":""},"_links":{"self":[{"href":"http:\/\/www.biobarnom.ch\/index.php?rest_route=\/wp\/v2\/pages\/39"}],"collection":[{"href":"http:\/\/www.biobarnom.ch\/index.php?rest_route=\/wp\/v2\/pages"}],"about":[{"href":"http:\/\/www.biobarnom.ch\/index.php?rest_route=\/wp\/v2\/types\/page"}],"author":[{"embeddable":true,"href":"http:\/\/www.biobarnom.ch\/index.php?rest_route=\/wp\/v2\/users\/1"}],"replies":[{"embeddable":true,"href":"http:\/\/www.biobarnom.ch\/index.php?rest_route=%2Fwp%2Fv2%2Fcomments&post=39"}],"version-history":[{"count":3,"href":"http:\/\/www.biobarnom.ch\/index.php?rest_route=\/wp\/v2\/pages\/39\/revisions"}],"predecessor-version":[{"id":285,"href":"http:\/\/www.biobarnom.ch\/index.php?rest_route=\/wp\/v2\/pages\/39\/revisions\/285"}],"wp:featuredmedia":[{"embeddable":true,"href":"http:\/\/www.biobarnom.ch\/index.php?rest_route=\/wp\/v2\/media\/28"}],"wp:attachment":[{"href":"http:\/\/www.biobarnom.ch\/index.php?rest_route=%2Fwp%2Fv2%2Fmedia&parent=39"}],"curies":[{"name":"wp","href":"https:\/\/api.w.org\/{rel}","templated":true}]}}